{"id":1196,"date":"2023-04-24T21:34:46","date_gmt":"2023-04-24T19:34:46","guid":{"rendered":"https:\/\/afes-iis.com\/branches\/"},"modified":"2026-03-25T11:55:49","modified_gmt":"2026-03-25T10:55:49","slug":"branches","status":"publish","type":"page","link":"https:\/\/afes-iis.com\/en\/branches\/","title":{"rendered":"Branches"},"content":{"rendered":"<p><img decoding=\"async\" src=\"\/wp-content\/uploads\/2025\/11\/New_AFES_Map_25.png\" alt=\"\"><\/p>\n<div>\n<p><strong>Liechtenstein &#8211; Headquarter<br \/>AFES AG<\/strong><br \/>Neugasse 17<br \/>FL-9490 Vaduz<br \/>T +423 2375980<br \/>F +423 2375989<br \/>claims@afes-iis.com<br \/>Management: Amin Gerber<\/p>\n<hr \/>\n<p><strong>France<br \/>AFES France S.a.r.l.<\/strong><br \/>21 rue Le Peletier<br \/>FR-75009 Paris<br \/>T +33 155331400\u00a0<br \/>F +33 147700212<br \/>claims.FR@afes-iis.com<br \/>Management: Lamya Alami<\/p>\n<hr \/>\n<p><strong>Italy<br \/>AFES Italia S.r.l.<\/strong><br \/>Via Alessandria 112<br \/>IT-00198 Roma (RM)<br \/>T +39 064888111 <br \/>F +39 0648905646<br \/>office.IT@afes-iis.com<br \/>Management: Alexander Boese<\/p>\n<hr \/>\n<p><strong>Morocco<br \/>AFES Maroc, S.A.R.L.A.U.<\/strong><br \/>R\u00e9sidence Ben Mahyou B,<br \/>11 Rue Ibnou Tofail, Quartier Palmier<br \/>MA-20100 Casablanca<br \/>T +212 522 233022 \/ 233007 <br \/>F +212 522 233047<br \/>office.MA@afes-iis.com<br \/>Management: Amin Gerber<\/p>\n<hr \/>\n<p><strong>Romania<br \/>AFES International S.r.l.<\/strong> <br \/>Unirii nr.2, Bl. 8A, Sc.1, Et. 4, Ap. 19-20, Sect. 4<br \/>RO-040101 Bucuresti, Bdul.<br \/>T +40 213374165 \/ -166 \/ -167 <br \/>F +40 213366734<br \/>office.RO@afes-iis.com<br \/>Management: Bojidar Stamov<\/p>\n<p><\/p>\n<hr \/>\n<p><strong>Spain<br \/>AFES Espa\u00f1a Tramitaci\u00f3n de Siniestros, S.A.U.<\/strong> <br \/>C\/Chile 10, Edif. Madrid 92, Of. 147<br \/>ES-28290 Las Rozas (Madrid)<br \/>T +34 916308537 <br \/>F +34 916309214<br \/>office.ES@afes-iis.com<br \/>Management: Luis Salazar<\/p>\n<p><\/p>\n<hr \/>\n<p><strong>Tunisia<br \/>AFES Tunisie<\/strong><br \/>Rue Sidi El Heni &#8220;Bloc D&#8221;<br \/>TN-1073 Tunis, Espace Tunis <br \/>T +216 71951722<br \/>F +216 71951587<br \/>office.TN@afes-iis.com<br \/>Management: Na\u00efma Ben Salem\u00a0<\/p>\n<hr \/>\n<p><strong>Denmark<br \/>AFES Danmark<\/strong><br \/><span class=\"fabric-text-color-mark\" data-text-custom-color=\"#4f4f4f\" data-prosemirror-content-type=\"mark\" data-prosemirror-mark-name=\"textColor\">Lautrupsgade 11<br \/>DK-2100 K\u00f8benhavn \u00d8<br \/><\/span><span class=\"fabric-text-color-mark\" data-text-custom-color=\"#4f4f4f\" data-prosemirror-content-type=\"mark\" data-prosemirror-mark-name=\"textColor\"><\/span>T <span class=\"fabric-text-color-mark\" data-text-custom-color=\"#4f4f4f\" data-prosemirror-content-type=\"mark\" data-prosemirror-mark-name=\"textColor\">+45 42620589 <br \/><\/span>claims.DK@afes-iis.com<br \/>Management: Line Havm\u00f8ller<\/p>\n<hr \/>\n<p><strong>Netherlands<br \/>AFES Niederlande<\/strong><br \/>Postbus 30 189<br \/>NL-3001 DD Rotterdam<br \/>T +31 104041382\u00a0<br \/>F +31 104041387<br \/>office.NL@afes-iis.com<br \/>Management: Robert Andriessen<\/p>\n<hr \/>\n<p><strong>North Macedonia<br \/>AFES North Macedonia LLC<\/strong><br \/>Bul. Partizanski Odredi, 59\/4-8<br \/>MK-1000 Skopje<br \/>T +389 75 304 193<br \/>office.MK@afes-iis.com<br \/>Management: Dragomir Dragoev<\/p>\n<hr \/>\n<p><strong>Polen<br \/>AFES Poland<br \/><\/strong><span data-renderer-mark=\"true\" data-text-custom-color=\"#333333\" class=\"fabric-text-color-mark\">Domaniewska Street 45 <\/span><strong><br \/><\/strong><span data-renderer-mark=\"true\" data-text-custom-color=\"#333333\" class=\"fabric-text-color-mark\">PL-02-672 Warsaw<\/span><strong><br \/><\/strong>office.PL@afes-iis.com<br \/>Management: Katarzyna Sykut<\/p>\n<hr \/>\n<\/div>\n<div>\n<p><strong>Germany<br \/>AFES GmbH<br \/><\/strong>Amsinckstra\u00dfe 32<br \/>DE-20097 Hamburg<br \/>T +49 4028005330<br \/>F +49 4028005353<br \/>office.DE@afes-iis.com<br \/>Management: Karsten Gr\u00fcneberg\u00a0<\/p>\n<hr \/>\n<p><strong>Greece<br \/>AFES Greece<br \/><\/strong><span>14 Amfitheas Ave.\u00a0<\/span><span class=\"x_csg-mark-strong\" data-ogsc=\"\">&amp; Ag. Anargiron<\/span><br \/>GR-17564 Palaio Faliro<br \/>T +30 2106429834 <br \/>F +30 2155654029<br \/>office.GR@afes-iis.com<br \/>Management: Vasil Dimitrov<\/p>\n<hr \/>\n<p><strong>Luxembourg<br \/>AFES Luxembourg Sarl <br \/><\/strong>Rue de Remich<br \/>LU-5442 Roedt 54<br \/>T +352 26482504\u00a0<br \/>F +352 27694405<br \/>office.LU@afes-iis.com<br \/>Management: Anabela dos Santos<\/p>\n<hr \/>\n<p><strong>Moldova<br \/>AFES International Insurance Services S.R.L.<\/strong> <br \/>Bd. Moscova nr. 24, ap.44<br \/>MD-2045 Chisinau<br \/>T\u00a0 +373 68558883<br \/>F\u00a0 +373 22853010 <br \/>office.MD@afes-iis.com<br \/>Management: Eugeniu Ca\u0163er<\/p>\n<hr \/>\n<p><strong>Switzerland<br \/>AFES Schweiz AG<\/strong><br \/>Schulstrasse 76<br \/>CH-7302 Landquart<br \/><strong>Branch office Zurich<br \/><\/strong>Thurgauerstrasse 132<br \/>CH-8152 Glattpark (Opfikon)<br \/><strong><\/strong>T +41 813078899 <br \/>F +41 81307 88 95<br \/>office.CH@afes-iis.com<br \/>Management: Amin Gerber<br \/>Office Management: Sandra R\u00e4ber<\/p>\n<hr \/>\n<p><strong>Turkey<br \/>AFES Istanbul Sigorta Arac\u0131l\u0131k Hiz. Ltd. \u015eti<br \/><\/strong><span data-teams=\"true\">Fulya Mah. B\u00fcy\u00fckdere Cad. No:24 <br \/>Kat:5 Daire 56, Hukukcular Sitesi<br \/><\/span>TR-34363 \u015ei\u015fli\/\u0130stanbul\u00a0<br \/><strong><\/strong>T +90 2122403213\u00a0<br \/>F +90 2122341145<br \/>office.TR@afes-iis.com<br \/>Management: Onur Ertekin<\/p>\n<hr \/>\n<p><span><b>Bulgaria<br \/><\/b><\/span><span><b>AFES Bulgaria<br \/><\/b><\/span><span>43 Christopher Columbus blvd.<br \/>BG-1592 Sofia<br \/><span data-renderer-mark=\"true\" data-text-custom-color=\"#414140\" class=\"fabric-text-color-mark\">T +359 899 992 305<\/span> <br \/><span data-renderer-mark=\"true\" data-text-custom-color=\"#414140\" class=\"fabric-text-color-mark\">T +359 899 992 886<\/span><br \/><\/span><span>office.BG@afes-iis.com<br \/><\/span><span>Management: <\/span><span>Dragomir Dragoev<\/span><\/p>\n<hr \/>\n<p><strong>Belgium<br \/><\/strong><strong>AFES International Belgium<\/strong><br \/>Noorderlaan 87<br \/>BE-2030 Antwerpen<br \/>T <span data-olk-copy-source=\"MessageBody\">+32 3 314 33 18<\/span><br \/>T <span data-olk-copy-source=\"MessageBody\">+32 3 773 40 71<\/span><br \/>claims.BE@afes-iis.com<\/p>\n<hr \/>\n<p><strong>Norway<br \/><\/strong><strong>AFES Norge NUF<\/strong><br \/><span data-olk-copy-source=\"MessageBody\">Fridtjof Nansens plass 4<\/span><br \/>NO-0160 Oslo<br \/>claims.NO@afes-iis.com<br \/>Management: Line Havm\u00f8ller<\/p>\n<p><\/p>\n<hr \/>\n<p><strong>Finland<br \/>AFES Finland<\/strong><br \/><span data-renderer-mark=\"true\" data-text-custom-color=\"#333333\" class=\"fabric-text-color-mark\">It\u00e4merenkatu 11-13<\/span><br \/><span data-renderer-mark=\"true\" data-text-custom-color=\"#333333\" class=\"fabric-text-color-mark\">FI-00180 Helsinki<\/span><br \/>claims.FI@afes-iis.com<br \/>\u00a0<\/p>\n<hr \/>\n<\/div>\n<div>\n<p style=\"text-align: center;\"><span>\u00a9AFES AG 2023-2025\u00a0 <\/span><span>|\u00a0\u00a0<\/span><a href=\"https:\/\/afes-iis.com\/en\/legal-notice\/?customize_changeset_uuid=d697f77c-575c-476a-bbfe-d6ac4f38fdb1&amp;customize_autosaved=on&amp;customize_messenger_channel=preview-106\">Legal notice<\/a><span>\u00a0\u00a0<\/span><span>|\u00a0\u00a0<\/span><a href=\"https:\/\/afes-iis.com\/en\/privacy-policy\/?customize_changeset_uuid=d697f77c-575c-476a-bbfe-d6ac4f38fdb1&amp;customize_autosaved=on&amp;customize_messenger_channel=preview-106\">Privacy policy<\/a><span>\u00a0\u00a0<\/span><span>|<\/span><\/p>\n<\/div>\n<p><!--more--><br \/>\n<!-- {\"type\":\"layout\",\"children\":[{\"type\":\"section\",\"props\":{\"image_position\":\"center-center\",\"padding\":\"small\",\"padding_remove_bottom\":true,\"padding_remove_horizontal\":false,\"style\":\"default\",\"title_breakpoint\":\"xl\",\"title_position\":\"top-left\",\"title_rotation\":\"left\",\"vertical_align\":\"\",\"width\":\"small\"},\"children\":[{\"type\":\"row\",\"children\":[{\"type\":\"column\",\"props\":{\"image_position\":\"center-center\",\"position_sticky_breakpoint\":\"m\"},\"children\":[{\"type\":\"popover\",\"props\":{\"background_image\":\"wp-content\\\/uploads\\\/2025\\\/11\\\/New_AFES_Map_25.png\",\"card_style\":\"default\",\"drop_mode\":\"hover\",\"drop_position\":\"top-center\",\"icon\":\"plus\",\"image_card_padding\":true,\"image_svg_color\":\"emphasis\",\"link_style\":\"default\",\"link_text\":\"Read more\",\"margin\":\"default\",\"meta_align\":\"below-title\",\"meta_element\":\"div\",\"meta_style\":\"text-meta\",\"show_content\":false,\"show_image\":true,\"show_link\":false,\"show_meta\":false,\"show_title\":false,\"title_element\":\"h3\",\"title_hover_style\":\"reset\"},\"name\":\"mapa\"}]}]}]},{\"type\":\"section\",\"props\":{\"image_position\":\"center-center\",\"style\":\"default\",\"title_breakpoint\":\"xl\",\"title_position\":\"top-left\",\"title_rotation\":\"left\",\"vertical_align\":\"\",\"width\":\"small\"},\"children\":[{\"type\":\"row\",\"props\":{\"layout\":\"1-2,1-2\"},\"children\":[{\"type\":\"column\",\"props\":{\"image_position\":\"center-center\",\"position_sticky_breakpoint\":\"m\",\"width_medium\":\"1-2\"},\"children\":[{\"type\":\"text\",\"props\":{\"column_breakpoint\":\"m\",\"content\":\"\n\n<p><strong>Liechtenstein - Headquarter<br \\\/>AFES AG<\\\/strong><br \\\/>Neugasse 17<br \\\/>FL-9490 Vaduz<br \\\/>T +423 2375980<br \\\/>F +423 2375989<br \\\/>claims@afes-iis.com<br \\\/>Management: Amin Gerber<\\\/p>\\n\n\n<hr \\\/>\\n\n\n<p><strong>France<br \\\/>AFES France S.a.r.l.<\\\/strong><br \\\/>21 rue Le Peletier<br \\\/>FR-75009 Paris<br \\\/>T +33 155331400\\u00a0<br \\\/>F +33 147700212<br \\\/>claims.FR@afes-iis.com<br \\\/>Management: Lamya Alami<\\\/p>\\n\n\n<hr \\\/>\\n\n\n<p><strong>Italy<br \\\/>AFES Italia S.r.l.<\\\/strong><br \\\/>Via Alessandria 112<br \\\/>IT-00198 Roma (RM)<br \\\/>T +39 064888111 <br \\\/>F +39 0648905646<br \\\/>office.IT@afes-iis.com<br \\\/>Management: Alexander Boese<\\\/p>\\n\n\n<hr \\\/>\\n\n\n<p><strong>Morocco<br \\\/>AFES Maroc, S.A.R.L.A.U.<\\\/strong><br \\\/>R\\u00e9sidence Ben Mahyou B,<br \\\/>11 Rue Ibnou Tofail, Quartier Palmier<br \\\/>MA-20100 Casablanca<br \\\/>T +212 522 233022 \\\/ 233007 <br \\\/>F +212 522 233047<br \\\/>office.MA@afes-iis.com<br \\\/>Management: Amin Gerber<\\\/p>\\n\n\n<hr \\\/>\\n\n\n<p><strong>Romania<br \\\/>AFES International S.r.l.<\\\/strong> <br \\\/>Unirii nr.2, Bl. 8A, Sc.1, Et. 4, Ap. 19-20, Sect. 4<br \\\/>RO-040101 Bucuresti, Bdul.<br \\\/>T +40 213374165 \\\/ -166 \\\/ -167 <br \\\/>F +40 213366734<br \\\/>office.RO@afes-iis.com<br \\\/>Management: Bojidar Stamov<br \\\/><br \\\/><br \\\/><br \\\/><br \\\/><\\\/p>\\n\n\n<hr \\\/>\\n\n\n<p><strong>Spain<br \\\/>AFES Espa\\u00f1a Tramitaci\\u00f3n de Siniestros, S.A.U.<\\\/strong> <br \\\/>C\\\/Chile 10, Edif. Madrid 92, Of. 147<br \\\/>ES-28290 Las Rozas (Madrid)<br \\\/>T +34 916308537 <br \\\/>F +34 916309214<br \\\/>office.ES@afes-iis.com<br \\\/>Management: Luis Salazar<br \\\/><br \\\/><br \\\/><\\\/p>\\n\n\n<hr \\\/>\\n\n\n<p><strong>Tunisia<br \\\/>AFES Tunisie<\\\/strong><br \\\/>Rue Sidi El Heni \\\"Bloc D\\\"<br \\\/>TN-1073 Tunis, Espace Tunis <br \\\/>T +216 71951722<br \\\/>F +216 71951587<br \\\/>office.TN@afes-iis.com<br \\\/>Management: Na\\u00efma Ben Salem\\u00a0<\\\/p>\\n\n\n<hr \\\/>\\n\n\n<p><strong>Denmark<br \\\/>AFES Danmark<\\\/strong><br \\\/><span class=\\\"fabric-text-color-mark\\\" data-text-custom-color=\\\"#4f4f4f\\\" data-prosemirror-content-type=\\\"mark\\\" data-prosemirror-mark-name=\\\"textColor\\\">Lautrupsgade 11<br \\\/>DK-2100 K\\u00f8benhavn \\u00d8<br \\\/><\\\/span><span class=\\\"fabric-text-color-mark\\\" data-text-custom-color=\\\"#4f4f4f\\\" data-prosemirror-content-type=\\\"mark\\\" data-prosemirror-mark-name=\\\"textColor\\\"><\\\/span>T <span class=\\\"fabric-text-color-mark\\\" data-text-custom-color=\\\"#4f4f4f\\\" data-prosemirror-content-type=\\\"mark\\\" data-prosemirror-mark-name=\\\"textColor\\\">+45 42620589 <br \\\/><\\\/span>claims.DK@afes-iis.com<br \\\/>Management: Line Havm\\u00f8ller<br \\\/><br \\\/><\\\/p>\\n\n\n<hr \\\/>\\n\n\n<p><strong>Netherlands<br \\\/>AFES Niederlande<\\\/strong><br \\\/>Postbus 30 189<br \\\/>NL-3001 DD Rotterdam<br \\\/>T +31 104041382\\u00a0<br \\\/>F +31 104041387<br \\\/>office.NL@afes-iis.com<br \\\/>Management: Robert Andriessen<\\\/p>\\n\n\n<hr \\\/>\\n\n\n<p><strong>North Macedonia<br \\\/>AFES North Macedonia LLC<\\\/strong><br \\\/>Bul. Partizanski Odredi, 59\\\/4-8<br \\\/>MK-1000 Skopje<br \\\/>T +389 75 304 193<br \\\/>office.MK@afes-iis.com<br \\\/>Management: Dragomir Dragoev<\\\/p>\\n\n\n<hr \\\/>\\n\n\n<p><strong>Polen<br \\\/>AFES Poland<br \\\/><\\\/strong><span data-renderer-mark=\\\"true\\\" data-text-custom-color=\\\"#333333\\\" class=\\\"fabric-text-color-mark\\\">Domaniewska Street 45 <\\\/span><strong><br \\\/><\\\/strong><span data-renderer-mark=\\\"true\\\" data-text-custom-color=\\\"#333333\\\" class=\\\"fabric-text-color-mark\\\">PL-02-672 Warsaw<\\\/span><strong><br \\\/><\\\/strong>office.PL@afes-iis.com<br \\\/>Management: Katarzyna Sykut<\\\/p>\\n\n\n<hr \\\/>\\n\n\n<p><\\\/p>\",\"dropcap\":false,\"margin\":\"default\"}}]},{\"type\":\"column\",\"props\":{\"image_position\":\"center-center\",\"position_sticky_breakpoint\":\"m\",\"width_medium\":\"1-2\"},\"children\":[{\"type\":\"text\",\"props\":{\"column_breakpoint\":\"m\",\"content\":\"\n\n<p><strong>Germany<br \\\/>AFES GmbH<br \\\/><\\\/strong>Amsinckstra\\u00dfe 32<br \\\/>DE-20097 Hamburg<br \\\/>T +49 4028005330<br \\\/>F +49 4028005353<br \\\/>office.DE@afes-iis.com<br \\\/>Management: Karsten Gr\\u00fcneberg\\u00a0<\\\/p>\\n\n\n<hr \\\/>\\n\n\n<p><strong>Greece<br \\\/>AFES Greece<br \\\/><\\\/strong><span>14 Amfitheas Ave.\\u00a0<\\\/span><span class=\\\"x_csg-mark-strong\\\" data-ogsc=\\\"\\\">&amp; Ag. Anargiron<\\\/span><br \\\/>GR-17564 Palaio Faliro<br \\\/>T +30 2106429834 <br \\\/>F +30 2155654029<br \\\/>office.GR@afes-iis.com<br \\\/>Management: Vasil Dimitrov<\\\/p>\\n\n\n<hr \\\/>\\n\n\n<p><strong>Luxembourg<br \\\/>AFES Luxembourg Sarl <br \\\/><\\\/strong>Rue de Remich<br \\\/>LU-5442 Roedt 54<br \\\/>T +352 26482504\\u00a0<br \\\/>F +352 27694405<br \\\/>office.LU@afes-iis.com<br \\\/>Management: Anabela dos Santos<\\\/p>\\n\n\n<hr \\\/>\\n\n\n<p><strong>Moldova<br \\\/>AFES International Insurance Services S.R.L.<\\\/strong> <br \\\/>Bd. Moscova nr. 24, ap.44<br \\\/>MD-2045 Chisinau<br \\\/>T\\u00a0 +373 68558883<br \\\/>F\\u00a0 +373 22853010 <br \\\/>office.MD@afes-iis.com<br \\\/>Management: Eugeniu Ca\\u0163er<br \\\/><br \\\/><\\\/p>\\n\n\n<hr \\\/>\\n\n\n<p><strong>Switzerland<br \\\/>AFES Schweiz AG<\\\/strong><br \\\/>Schulstrasse 76<br \\\/>CH-7302 Landquart<br \\\/><strong>Branch office Zurich<br \\\/><\\\/strong>Thurgauerstrasse 132<br \\\/>CH-8152 Glattpark (Opfikon)<br \\\/><strong><\\\/strong>T +41 813078899 <br \\\/>F +41 81307 88 95<br \\\/>office.CH@afes-iis.com<br \\\/>Management: Amin Gerber<br \\\/>Office Management: Sandra R\\u00e4ber<\\\/p>\\n\n\n<hr \\\/>\\n\n\n<p><strong>Turkey<br \\\/>AFES Istanbul Sigorta Arac\\u0131l\\u0131k Hiz. Ltd. \\u015eti<br \\\/><\\\/strong><span data-teams=\\\"true\\\">Fulya Mah. B\\u00fcy\\u00fckdere Cad. No:24 <br \\\/>Kat:5 Daire 56, Hukukcular Sitesi<br \\\/><\\\/span>TR-34363 \\u015ei\\u015fli\\\/\\u0130stanbul\\u00a0<br \\\/><strong><\\\/strong>T +90 2122403213\\u00a0<br \\\/>F +90 2122341145<br \\\/>office.TR@afes-iis.com<br \\\/>Management: Onur Ertekin<br \\\/><br \\\/><\\\/p>\\n\n\n<hr \\\/>\\n\n\n<p><span><b>Bulgaria<br \\\/><\\\/b><\\\/span><span><b>AFES Bulgaria<br \\\/><\\\/b><\\\/span><span>43 Christopher Columbus blvd.<br \\\/>BG-1592 Sofia<br \\\/><span data-renderer-mark=\\\"true\\\" data-text-custom-color=\\\"#414140\\\" class=\\\"fabric-text-color-mark\\\">T +359 899 992 305<\\\/span> <br \\\/><span data-renderer-mark=\\\"true\\\" data-text-custom-color=\\\"#414140\\\" class=\\\"fabric-text-color-mark\\\">T +359 899 992 886<\\\/span><br \\\/><\\\/span><span>office.BG@afes-iis.com<br \\\/><\\\/span><span>Management: <\\\/span><span>Dragomir Dragoev<\\\/span><\\\/p>\\n\n\n<hr \\\/>\\n\n\n<p><strong>Belgium<br \\\/><\\\/strong><strong>AFES International Belgium<\\\/strong><br \\\/>Noorderlaan 87<br \\\/>BE-2030 Antwerpen<br \\\/>T <span data-olk-copy-source=\\\"MessageBody\\\">+32 3 314 33 18<\\\/span><br \\\/>T <span data-olk-copy-source=\\\"MessageBody\\\">+32 3 773 40 71<\\\/span><br \\\/>claims.BE@afes-iis.com<br \\\/><br \\\/><\\\/p>\\n\n\n<hr \\\/>\\n\n\n<p><strong>Norway<br \\\/><\\\/strong><strong>AFES Norge NUF<\\\/strong><br \\\/><span data-olk-copy-source=\\\"MessageBody\\\">Fridtjof Nansens plass 4<\\\/span><br \\\/>NO-0160 Oslo<br \\\/>claims.NO@afes-iis.com<br \\\/>Management: Line Havm\\u00f8ller<br \\\/><br \\\/><br \\\/><\\\/p>\\n\n\n<hr \\\/>\\n\n\n<p><strong>Finland<br \\\/>AFES Finland<\\\/strong><br \\\/><span data-renderer-mark=\\\"true\\\" data-text-custom-color=\\\"#333333\\\" class=\\\"fabric-text-color-mark\\\">It\\u00e4merenkatu 11-13<\\\/span><br \\\/><span data-renderer-mark=\\\"true\\\" data-text-custom-color=\\\"#333333\\\" class=\\\"fabric-text-color-mark\\\">FI-00180 Helsinki<\\\/span><br \\\/>claims.FI@afes-iis.com<br \\\/>\\u00a0<br \\\/><br \\\/><\\\/p>\\n\n\n<hr \\\/>\\n\n\n<p><\\\/p>\",\"dropcap\":false,\"margin\":\"default\"}}]}]}]},{\"type\":\"section\",\"props\":{\"image_position\":\"center-center\",\"style\":\"default\",\"title_breakpoint\":\"xl\",\"title_position\":\"top-left\",\"title_rotation\":\"left\",\"vertical_align\":\"\",\"width\":\"default\"},\"children\":[{\"type\":\"row\",\"children\":[{\"type\":\"column\",\"props\":{\"image_position\":\"center-center\",\"position_sticky_breakpoint\":\"m\"},\"children\":[{\"type\":\"text\",\"props\":{\"column_breakpoint\":\"m\",\"content\":\"\n\n<p style=\\\"text-align: center;\\\"><span>\\u00a9AFES AG 2023-2025\\u00a0 <\\\/span><span>|\\u00a0\\u00a0<\\\/span><a href=\\\"https:\\\/\\\/afes-iis.com\\\/en\\\/legal-notice\\\/?customize_changeset_uuid=d697f77c-575c-476a-bbfe-d6ac4f38fdb1&amp;customize_autosaved=on&amp;customize_messenger_channel=preview-106\\\">Legal notice<\\\/a><span>\\u00a0\\u00a0<\\\/span><span>|\\u00a0\\u00a0<\\\/span><a href=\\\"https:\\\/\\\/afes-iis.com\\\/en\\\/privacy-policy\\\/?customize_changeset_uuid=d697f77c-575c-476a-bbfe-d6ac4f38fdb1&amp;customize_autosaved=on&amp;customize_messenger_channel=preview-106\\\">Privacy policy<\\\/a><span>\\u00a0\\u00a0<\\\/span><span>|<\\\/span><\\\/p>\",\"margin\":\"default\"}}]}]}]}],\"version\":\"4.4.7\"} --><\/p>\n","protected":false},"excerpt":{"rendered":"<p>Liechtenstein &#8211; HeadquarterAFES AGNeugasse 17FL-9490 VaduzT +423 2375980F +423 2375989claims@afes-iis.comManagement: Amin Gerber FranceAFES France S.a.r.l.21 rue Le PeletierFR-75009 ParisT +33 155331400\u00a0F +33 147700212claims.FR@afes-iis.comManagement: Lamya Alami ItalyAFES Italia S.r.l.Via Alessandria 112IT-00198 Roma (RM)T +39 064888111 F +39 0648905646office.IT@afes-iis.comManagement: Alexander Boese MoroccoAFES Maroc, S.A.R.L.A.U.R\u00e9sidence Ben Mahyou B,11 Rue Ibnou Tofail, Quartier PalmierMA-20100 CasablancaT +212 522 233022 \/ [&hellip;]<\/p>\n","protected":false},"author":2,"featured_media":0,"parent":0,"menu_order":0,"comment_status":"closed","ping_status":"closed","template":"","meta":{"footnotes":""},"class_list":["post-1196","page","type-page","status-publish","hentry"],"_links":{"self":[{"href":"https:\/\/afes-iis.com\/en\/wp-json\/wp\/v2\/pages\/1196","targetHints":{"allow":["GET"]}}],"collection":[{"href":"https:\/\/afes-iis.com\/en\/wp-json\/wp\/v2\/pages"}],"about":[{"href":"https:\/\/afes-iis.com\/en\/wp-json\/wp\/v2\/types\/page"}],"author":[{"embeddable":true,"href":"https:\/\/afes-iis.com\/en\/wp-json\/wp\/v2\/users\/2"}],"replies":[{"embeddable":true,"href":"https:\/\/afes-iis.com\/en\/wp-json\/wp\/v2\/comments?post=1196"}],"version-history":[{"count":57,"href":"https:\/\/afes-iis.com\/en\/wp-json\/wp\/v2\/pages\/1196\/revisions"}],"predecessor-version":[{"id":2072,"href":"https:\/\/afes-iis.com\/en\/wp-json\/wp\/v2\/pages\/1196\/revisions\/2072"}],"wp:attachment":[{"href":"https:\/\/afes-iis.com\/en\/wp-json\/wp\/v2\/media?parent=1196"}],"curies":[{"name":"wp","href":"https:\/\/api.w.org\/{rel}","templated":true}]}}